{"id":858,"date":"2025-12-11T14:11:25","date_gmt":"2025-12-11T13:11:25","guid":{"rendered":"https:\/\/osa.zgorzelec.eu\/?page_id=858"},"modified":"2025-12-11T18:50:28","modified_gmt":"2025-12-11T17:50:28","slug":"wspieraja-nas","status":"publish","type":"page","link":"https:\/\/osa.zgorzelec.eu\/index.php\/wspieraja-nas\/","title":{"rendered":"Wspieraj\u0105 nas"},"content":{"rendered":"<div class=\"\" style=\"\" >\n    \n    <section class=\"u-clearfix u-white u-section-2\" id=\"sec-7c69\">\n      <div class=\"data-layout-selected u-clearfix u-layout-wrap u-layout-wrap-1\">\n        <div class=\"u-layout\">\n          <div class=\"u-layout-row\">\n            <div class=\"u-container-style u-image u-layout-cell u-right-cell u-shape-rectangle u-size-33-lg u-size-36-xl u-size-60-md u-size-60-sm u-size-60-xs u-image-1\" data-image-width=\"1536\" data-image-height=\"2048\" style=\"background-image: url(&quot;https:\/\/osa.zgorzelec.eu\/wp-content\/uploads\/2025\/12\/598652860_1713495683396179_8836007350440807143_n.jpg&quot;);\">\n              <div class=\"u-container-layout u-container-layout-1\"><\/div>\n            <\/div>\n            <div class=\"u-align-left u-container-align-left u-container-style u-layout-cell u-left-cell u-shape-rectangle u-size-24-xl u-size-27-lg u-size-60-md u-size-60-sm u-size-60-xs u-layout-cell-2\">\n              <div class=\"u-container-layout u-valign-middle-lg u-valign-middle-md u-valign-middle-sm u-valign-middle-xs u-container-layout-2\">\n                <h1 class=\"u-align-left u-text u-text-1\">Wspieraj\u0105 nas!<\/h1>\n                <p class=\"u-align-left u-text u-text-2\"> Dzi\u0119ki wsparciu Fundacji PGE nasi m\u0142odzi lekkoatleci otrzymali nowe stroje startowe oraz odzie\u017c do trening\u00f3w na \u015bwie\u017cym powietrzu. <br>Ciep\u0142e dresy i funkcjonalne kurtki zapewniaj\u0105 komfort oraz bezpiecze\u0144stwo trening\u00f3w w zimowych warunkach, co pozwala nam przygotowywa\u0107 si\u0119 do sezonu bez wzgl\u0119du na pogod\u0119. \n                <\/p>\n                <p class=\"u-align-left u-text u-text-3\"> Dzi\u0119kujemy za wsparcie rozwoju m\u0142odych talent\u00f3w!<\/p>\n              <\/div>\n            <\/div>\n          <\/div>\n        <\/div>\n      <\/div>\n    <\/section>\n    <section class=\"u-clearfix u-container-align-left u-custom-color-2 u-section-3\" id=\"sec-dddb\">\n      <div class=\"u-clearfix u-sheet u-valign-middle-lg u-valign-middle-md u-valign-middle-sm u-sheet-1\">\n        <div class=\"u-align-center u-container-align-center u-container-align-center-lg u-container-align-center-md u-container-align-center-sm u-container-align-center-xl u-container-align-left-lg u-container-align-left-md u-container-align-left-sm u-container-align-left-xl u-container-style u-expanded-width u-group u-radius u-shape-round u-white u-group-1\">\n          <div class=\"u-container-layout u-valign-top-lg u-valign-top-md u-valign-top-sm u-container-layout-1\">\n            <h1 class=\"u-align-left u-text u-text-default-lg u-text-default-md u-text-default-sm u-text-default-xl u-text-1\"> MKS \u201eOsa\u201d Zgorzelec z dofinansowaniem w II edycji programu KLUB PRO!<\/h1>\n            <div class=\"u-align-left u-border-3 u-border-palette-2-light-2 u-expanded-width u-line u-line-horizontal u-line-1\"><\/div>\n            <ul class=\"u-align-left u-custom-list u-file-icon u-text u-text-2\"> Mi\u0119dzyszkolny Klub Sportowy \u201eOsa\u201d Zgorzelec znalaz\u0142 si\u0119 w gronie najlepszych klub\u00f3w sportowych w Polsce, kt\u00f3re zosta\u0142y obj\u0119te wsparciem finansowym w ramach drugiej edycji programu KLUB PRO realizowanego przez Ministerstwo Sportu i Turystyki.<br>KLUB PRO to og\u00f3lnopolski program wspierania klub\u00f3w sportowych prowadz\u0105cych szkolenie dzieci i m\u0142odzie\u017cy w kategoriach m\u0142odzik, junior m\u0142odszy, junior i m\u0142odzie\u017cowiec. Jego celem jest rozw\u00f3j potencja\u0142u szkoleniowego klub\u00f3w, podniesienie jako\u015bci trening\u00f3w, wsparcie trener\u00f3w i zakup nowoczesnego sprz\u0119tu sportowego. W drugiej edycji programu, og\u0142oszonej w 2025 roku, bud\u017cet wyni\u00f3s\u0142 ponad 102 miliony z\u0142otych, a wsparciem obj\u0119to ponad 850 klub\u00f3w z ca\u0142ego kraju. Dofinansowanie przyznawano w oparciu o wyniki klub\u00f3w w Systemie Sportu M\u0142odzie\u017cowego z ostatnich trzech lat.<br>Dzi\u0119ki \u015bwietnym wynikom sportowym, wysokiemu poziomowi szkolenia oraz zaanga\u017cowaniu trener\u00f3w i zawodnik\u00f3w, MKS \u201eOsa\u201d Zgorzelec znalaz\u0142 si\u0119 w gronie klub\u00f3w obj\u0119tych dofinansowaniem w ramach programu KLUB PRO.<br>Klub otrzyma\u0142 wsparcie finansowe w wysoko\u015bci 170 000 z\u0142, kt\u00f3re zosta\u0142o przeznaczone na:<br>\u2022\tzakup nowoczesnego sprz\u0119tu lekkoatletycznego,<br>\u2022\tdoposa\u017cenie bazy treningowej,<br>\u2022\torganizacj\u0119 zgrupowa\u0144 i udzia\u0142 w zawodach sportowych,<br>\u2022\twsparcie szkoleniowe dla trener\u00f3w.<br>Dzi\u0119ki tym \u015brodkom m\u0142odzi zawodnicy b\u0119d\u0105 mogli trenowa\u0107 w jeszcze lepszych warunkach, korzystaj\u0105c z profesjonalnego zaplecza, kt\u00f3re odpowiada standardom krajowej czo\u0142\u00f3wki.<br>MKS \u201eOsa\u201d Zgorzelec od lat nale\u017cy do czo\u0142\u00f3wki klub\u00f3w lekkoatletycznych w regionie i kraju.<br>W sezonie 2024 zawodnicy klubu zdobyli 58 medali (14 z\u0142otych, 22 srebrne i 22 br\u0105zowe), a sam klub zaj\u0105\u0142 163. miejsce w klasyfikacji og\u00f3lnopolskiej spo\u015br\u00f3d 4828 klub\u00f3w oraz 19. miejsce w\u015br\u00f3d klub\u00f3w lekkoatletycznych w Polsce.<br>Na Dolnym \u015al\u0105sku \u201eOsa\u201d uplasowa\u0142a si\u0119 na drugim miejscu, potwierdzaj\u0105c swoj\u0105 pozycj\u0119 lidera w szkoleniu m\u0142odych lekkoatlet\u00f3w.<br>Dofinansowanie z programu KLUB PRO to dla naszego klubu nie tylko realne wsparcie finansowe, ale przede wszystkim potwierdzenie, \u017ce konsekwentna praca przynosi efekty.<br>To tak\u017ce impuls do dalszego rozwoju i motywacja dla zawodnik\u00f3w, trener\u00f3w oraz wszystkich os\u00f3b zaanga\u017cowanych w dzia\u0142alno\u015b\u0107 \u201eOsy\u201d.<br>Jak podkre\u015blaj\u0105 przedstawiciele klubu, \u015brodki z programu zostan\u0105 wykorzystane tak, aby przynios\u0142y d\u0142ugofalowe efekty \u2013 zar\u00f3wno w zakresie poprawy warunk\u00f3w treningowych, jak i podniesienia poziomu sportowego naszych zawodnik\u00f3w.<br>Cieszymy si\u0119, \u017ce nasz klub znalaz\u0142 si\u0119 w gronie wyr\u00f3\u017cnionych i \u017ce mo\u017cemy reprezentowa\u0107 Zgorzelec w gronie najlepszych o\u015brodk\u00f3w sportowych w kraju.<br>Dzi\u0119kujemy Ministerstwu Sportu i Turystyki za przyznane wsparcie,, a naszym zawodnikom, trenerom i rodzicom \u2013 za codzienn\u0105 prac\u0119, zaanga\u017cowanie i pasj\u0119 do sportu.<br>Dzi\u0119ki Wam MKS \u201eOsa\u201d Zgorzelec stale si\u0119 rozwija i z dum\u0105 reprezentuje nasze miasto na arenach lekkoatletycznych w ca\u0142ej Polsce.<br>\n            <\/ul>\n          <\/div>\n        <\/div>\n      <\/div>\n    <\/section>\n    <section class=\"u-align-center u-clearfix u-container-align-center u-container-align-center-lg u-container-align-center-md u-container-align-center-sm u-container-align-center-xl u-valign-top-lg u-section-4\" id=\"sec-146b\">\n      <div class=\"custom-expanded u-container-align-center u-container-style u-custom-color-2 u-group u-group-1\">\n        <div class=\"u-container-layout u-container-layout-1\">\n          <img decoding=\"async\" class=\"u-image u-image-contain u-image-round u-radius u-image-1\" src=\"https:\/\/osa.zgorzelec.eu\/wp-content\/uploads\/2025\/12\/598426375_1713495066729574_391282077248077362_n.jpg\" alt=\"\" data-image-width=\"1920\" data-image-height=\"810\">\n        <\/div>\n      <\/div>\n      <div class=\"u-carousel u-carousel-duration-750 u-carousel-right u-expanded-width-xs u-gallery u-layout-thumbnails u-lightbox u-show-text-always u-thumbnails-position-bottom u-gallery-1\" id=\"carousel-fc75\" data-interval=\"3500\" data-u-ride=\"carousel\">\n        <div class=\"u-carousel-inner u-gallery-inner u-gallery-inner-1\" role=\"listbox\">\n          <div class=\"u-active u-carousel-item u-gallery-item u-carousel-item-1\">\n            <div class=\"u-back-slide\" data-image-width=\"1536\" data-image-height=\"2048\">\n              <img decoding=\"async\" class=\"u-back-image u-expanded u-back-image-1\" src=\"https:\/\/osa.zgorzelec.eu\/wp-content\/uploads\/2025\/12\/598362304_1713495770062837_918588932540402702_n.jpg\">\n            <\/div>\n            <div class=\"u-over-slide u-over-slide-1\">\n              <h3 class=\"u-gallery-heading\">Sample Title<\/h3>\n              <p class=\"u-gallery-text\">Sample Text<\/p>\n            <\/div>\n          <\/div>\n          <div class=\"u-carousel-item u-gallery-item u-carousel-item-2\" data-image-width=\"1536\" data-image-height=\"2048\">\n            <div class=\"u-back-slide\">\n              <img decoding=\"async\" class=\"u-back-image u-expanded u-back-image-2\" src=\"https:\/\/osa.zgorzelec.eu\/wp-content\/uploads\/2025\/12\/598644020_1713495613396186_6657188119363318451_n.jpg\">\n            <\/div>\n            <div class=\"u-over-slide u-over-slide-2\"><\/div>\n            <style data-mode=\"XL\" data-visited=\"true\"><\/style>\n            <style data-mode=\"LG\"><\/style>\n            <style data-mode=\"MD\"><\/style>\n            <style data-mode=\"SM\"><\/style>\n            <style data-mode=\"XS\" data-visited=\"true\"><\/style>\n          <\/div>\n          <div class=\"u-carousel-item u-gallery-item u-carousel-item-3\" data-image-width=\"1536\" data-image-height=\"2048\">\n            <div class=\"u-back-slide\">\n              <img decoding=\"async\" class=\"u-back-image u-expanded u-back-image-3\" src=\"https:\/\/osa.zgorzelec.eu\/wp-content\/uploads\/2025\/12\/598519257_1713495583396189_7805086042053719824_n.jpg\">\n            <\/div>\n            <div class=\"u-over-slide u-over-slide-3\"><\/div>\n            <style data-mode=\"XL\" data-visited=\"true\"><\/style>\n            <style data-mode=\"LG\"><\/style>\n            <style data-mode=\"MD\"><\/style>\n            <style data-mode=\"SM\"><\/style>\n            <style data-mode=\"XS\" data-visited=\"true\"><\/style>\n          <\/div>\n          <div class=\"u-carousel-item u-gallery-item u-carousel-item-4\" data-image-width=\"1536\" data-image-height=\"2048\">\n            <div class=\"u-back-slide\">\n              <img decoding=\"async\" class=\"u-back-image u-expanded u-back-image-4\" src=\"https:\/\/osa.zgorzelec.eu\/wp-content\/uploads\/2025\/12\/598450549_1713495676729513_4836436661475116238_n.jpg\">\n            <\/div>\n            <div class=\"u-over-slide u-over-slide-4\"><\/div>\n            <style data-mode=\"XL\" data-visited=\"true\"><\/style>\n            <style data-mode=\"LG\"><\/style>\n            <style data-mode=\"MD\"><\/style>\n            <style data-mode=\"SM\"><\/style>\n            <style data-mode=\"XS\" data-visited=\"true\"><\/style>\n          <\/div>\n          <div class=\"u-carousel-item u-gallery-item u-carousel-item-5\" data-image-width=\"1536\" data-image-height=\"2048\">\n            <div class=\"u-back-slide\">\n              <img decoding=\"async\" class=\"u-back-image u-expanded u-back-image-5\" src=\"https:\/\/osa.zgorzelec.eu\/wp-content\/uploads\/2025\/12\/599581946_1713495783396169_4994810737883924613_n.jpg\">\n            <\/div>\n            <div class=\"u-over-slide u-over-slide-5\"><\/div>\n            <style data-mode=\"XL\" data-visited=\"true\"><\/style>\n            <style data-mode=\"LG\"><\/style>\n            <style data-mode=\"MD\"><\/style>\n            <style data-mode=\"SM\"><\/style>\n            <style data-mode=\"XS\" data-visited=\"true\"><\/style>\n          <\/div>\n          <div class=\"u-carousel-item u-gallery-item u-carousel-item-6\" data-image-width=\"1536\" data-image-height=\"2048\">\n            <div class=\"u-back-slide\">\n              <img decoding=\"async\" class=\"u-back-image u-expanded u-back-image-6\" src=\"https:\/\/osa.zgorzelec.eu\/wp-content\/uploads\/2025\/12\/598652860_1713495683396179_8836007350440807143_n-1.jpg\">\n            <\/div>\n            <div class=\"u-over-slide u-over-slide-6\"><\/div>\n            <style data-mode=\"XL\" data-visited=\"true\"><\/style>\n            <style data-mode=\"LG\"><\/style>\n            <style data-mode=\"MD\"><\/style>\n            <style data-mode=\"SM\"><\/style>\n            <style data-mode=\"XS\" data-visited=\"true\"><\/style>\n          <\/div>\n          <div class=\"u-carousel-item u-gallery-item u-carousel-item-7\" data-image-width=\"1536\" data-image-height=\"2048\">\n            <div class=\"u-back-slide\">\n              <img decoding=\"async\" class=\"u-back-image u-expanded u-back-image-7\" src=\"https:\/\/osa.zgorzelec.eu\/wp-content\/uploads\/2025\/12\/598432601_1713495846729496_6849079117108516959_n.jpg\">\n            <\/div>\n            <div class=\"u-over-slide u-over-slide-7\"><\/div>\n            <style data-mode=\"XL\" data-visited=\"true\"><\/style>\n            <style data-mode=\"LG\"><\/style>\n            <style data-mode=\"MD\"><\/style>\n            <style data-mode=\"SM\"><\/style>\n            <style data-mode=\"XS\" data-visited=\"true\"><\/style>\n          <\/div>\n          <div class=\"u-carousel-item u-gallery-item u-carousel-item-8\" data-image-width=\"1536\" data-image-height=\"2048\">\n            <div class=\"u-back-slide\">\n              <img decoding=\"async\" class=\"u-back-image u-expanded u-back-image-8\" src=\"https:\/\/osa.zgorzelec.eu\/wp-content\/uploads\/2025\/12\/598625518_1713495763396171_2276018205308207822_n.jpg\">\n            <\/div>\n            <div class=\"u-over-slide u-over-slide-8\"><\/div>\n            <style data-mode=\"XL\" data-visited=\"true\"><\/style>\n            <style data-mode=\"LG\"><\/style>\n            <style data-mode=\"MD\"><\/style>\n            <style data-mode=\"SM\"><\/style>\n            <style data-mode=\"XS\" data-visited=\"true\"><\/style>\n          <\/div>\n          <div class=\"u-carousel-item u-gallery-item u-carousel-item-9\" data-image-width=\"1536\" data-image-height=\"2048\">\n            <div class=\"u-back-slide\">\n              <img decoding=\"async\" class=\"u-back-image u-expanded u-back-image-9\" src=\"https:\/\/osa.zgorzelec.eu\/wp-content\/uploads\/2025\/12\/598370538_1713495693396178_4251469062764095096_n.jpg\">\n            <\/div>\n            <div class=\"u-over-slide u-over-slide-9\"><\/div>\n            <style data-mode=\"XL\" data-visited=\"true\"><\/style>\n            <style data-mode=\"LG\"><\/style>\n            <style data-mode=\"MD\"><\/style>\n            <style data-mode=\"SM\"><\/style>\n            <style data-mode=\"XS\" data-visited=\"true\"><\/style>\n          <\/div>\n          <div class=\"u-carousel-item u-gallery-item u-carousel-item-10\" data-image-width=\"1536\" data-image-height=\"2048\">\n            <div class=\"u-back-slide\">\n              <img decoding=\"async\" class=\"u-back-image u-expanded u-back-image-10\" src=\"https:\/\/osa.zgorzelec.eu\/wp-content\/uploads\/2025\/12\/598662389_1713495593396188_8670649634643228501_n.jpg\">\n            <\/div>\n            <div class=\"u-over-slide u-over-slide-10\"><\/div>\n            <style data-mode=\"XL\" data-visited=\"true\"><\/style>\n            <style data-mode=\"LG\"><\/style>\n            <style data-mode=\"MD\"><\/style>\n            <style data-mode=\"SM\"><\/style>\n            <style data-mode=\"XS\" data-visited=\"true\"><\/style>\n          <\/div>\n        <\/div>\n        <a class=\"u-absolute-vcenter u-border-2 u-border-white u-carousel-control u-carousel-control-prev u-hover-white u-icon-circle u-opacity u-opacity-70 u-spacing-10 u-text-white u-carousel-control-1\" href=\"#carousel-fc75\" role=\"button\" data-u-slide=\"prev\"><span aria-hidden=\"true\">\n            <svg viewBox=\"0 0 451.847 451.847\"><path d=\"M97.141,225.92c0-8.095,3.091-16.192,9.259-22.366L300.689,9.27c12.359-12.359,32.397-12.359,44.751,0\nc12.354,12.354,12.354,32.388,0,44.748L173.525,225.92l171.903,171.909c12.354,12.354,12.354,32.391,0,44.744\nc-12.354,12.365-32.386,12.365-44.745,0l-194.29-194.281C100.226,242.115,97.141,234.018,97.141,225.92z\"><\/path><\/svg><\/span><span class=\"sr-only\">\n            <svg viewBox=\"0 0 451.847 451.847\"><path d=\"M97.141,225.92c0-8.095,3.091-16.192,9.259-22.366L300.689,9.27c12.359-12.359,32.397-12.359,44.751,0\nc12.354,12.354,12.354,32.388,0,44.748L173.525,225.92l171.903,171.909c12.354,12.354,12.354,32.391,0,44.744\nc-12.354,12.365-32.386,12.365-44.745,0l-194.29-194.281C100.226,242.115,97.141,234.018,97.141,225.92z\"><\/path><\/svg><\/span>\n        <\/a>\n        <a class=\"u-absolute-vcenter u-border-2 u-border-white u-carousel-control u-carousel-control-next u-hover-white u-icon-circle u-opacity u-opacity-70 u-spacing-10 u-text-white u-carousel-control-2\" href=\"#carousel-fc75\" role=\"button\" data-u-slide=\"next\"><span aria-hidden=\"true\">\n            <svg viewBox=\"0 0 451.846 451.847\"><path d=\"M345.441,248.292L151.154,442.573c-12.359,12.365-32.397,12.365-44.75,0c-12.354-12.354-12.354-32.391,0-44.744\nL278.318,225.92L106.409,54.017c-12.354-12.359-12.354-32.394,0-44.748c12.354-12.359,32.391-12.359,44.75,0l194.287,194.284\nc6.177,6.18,9.262,14.271,9.262,22.366C354.708,234.018,351.617,242.115,345.441,248.292z\"><\/path><\/svg><\/span><span class=\"sr-only\">\n            <svg viewBox=\"0 0 451.846 451.847\"><path d=\"M345.441,248.292L151.154,442.573c-12.359,12.365-32.397,12.365-44.75,0c-12.354-12.354-12.354-32.391,0-44.744\nL278.318,225.92L106.409,54.017c-12.354-12.359-12.354-32.394,0-44.748c12.354-12.359,32.391-12.359,44.75,0l194.287,194.284\nc6.177,6.18,9.262,14.271,9.262,22.366C354.708,234.018,351.617,242.115,345.441,248.292z\"><\/path><\/svg><\/span>\n        <\/a>\n        <ol class=\"u-carousel-thumbnails u-hidden-sm u-hidden-xs u-spacing-25 u-carousel-thumbnails-1\">\n          <li class=\"u-active u-border-2 u-border-active-white u-border-hover-white u-border-white u-carousel-thumbnail u-carousel-thumbnail-1\" data-u-target=\"#carousel-fc75\" data-u-slide-to=\"0\">\n            <img decoding=\"async\" class=\"u-carousel-thumbnail-image u-image\" src=\"https:\/\/osa.zgorzelec.eu\/wp-content\/uploads\/2025\/12\/598362304_1713495770062837_918588932540402702_n.jpg\">\n          <\/li>\n          <li class=\"u-border-2 u-border-active-white u-border-hover-white u-border-white u-carousel-thumbnail u-carousel-thumbnail-2\" data-u-target=\"#carousel-fc75\" data-u-slide-to=\"1\">\n            <img decoding=\"async\" class=\"u-carousel-thumbnail-image u-image\" src=\"https:\/\/osa.zgorzelec.eu\/wp-content\/uploads\/2025\/12\/598644020_1713495613396186_6657188119363318451_n.jpg\">\n          <\/li>\n          <li class=\"u-border-2 u-border-active-white u-border-hover-white u-border-white u-carousel-thumbnail u-carousel-thumbnail-3\" data-u-target=\"#carousel-fc75\" data-u-slide-to=\"2\">\n            <img decoding=\"async\" class=\"u-carousel-thumbnail-image u-image\" src=\"https:\/\/osa.zgorzelec.eu\/wp-content\/uploads\/2025\/12\/598519257_1713495583396189_7805086042053719824_n.jpg\">\n          <\/li>\n          <li class=\"u-border-2 u-border-active-white u-border-hover-white u-border-white u-carousel-thumbnail u-carousel-thumbnail-4\" data-u-target=\"#carousel-fc75\" data-u-slide-to=\"3\">\n            <img decoding=\"async\" class=\"u-carousel-thumbnail-image u-image\" src=\"https:\/\/osa.zgorzelec.eu\/wp-content\/uploads\/2025\/12\/598450549_1713495676729513_4836436661475116238_n.jpg\">\n          <\/li>\n          <li class=\"u-border-2 u-border-active-white u-border-hover-white u-border-white u-carousel-thumbnail u-carousel-thumbnail-5\" data-u-target=\"#carousel-fc75\" data-u-slide-to=\"4\">\n            <img decoding=\"async\" class=\"u-carousel-thumbnail-image u-image\" src=\"https:\/\/osa.zgorzelec.eu\/wp-content\/uploads\/2025\/12\/599581946_1713495783396169_4994810737883924613_n.jpg\">\n          <\/li>\n          <li class=\"u-border-2 u-border-active-white u-border-hover-white u-border-white u-carousel-thumbnail u-carousel-thumbnail-6\" data-u-target=\"#carousel-fc75\" data-u-slide-to=\"5\">\n            <img decoding=\"async\" class=\"u-carousel-thumbnail-image u-image\" src=\"https:\/\/osa.zgorzelec.eu\/wp-content\/uploads\/2025\/12\/598652860_1713495683396179_8836007350440807143_n-1.jpg\">\n          <\/li>\n          <li class=\"u-border-2 u-border-active-white u-border-hover-white u-border-white u-carousel-thumbnail u-carousel-thumbnail-7\" data-u-target=\"#carousel-fc75\" data-u-slide-to=\"6\">\n            <img decoding=\"async\" class=\"u-carousel-thumbnail-image u-image\" src=\"https:\/\/osa.zgorzelec.eu\/wp-content\/uploads\/2025\/12\/598432601_1713495846729496_6849079117108516959_n.jpg\">\n          <\/li>\n          <li class=\"u-border-2 u-border-active-white u-border-hover-white u-border-white u-carousel-thumbnail u-carousel-thumbnail-8\" data-u-target=\"#carousel-fc75\" data-u-slide-to=\"7\">\n            <img decoding=\"async\" class=\"u-carousel-thumbnail-image u-image\" src=\"https:\/\/osa.zgorzelec.eu\/wp-content\/uploads\/2025\/12\/598625518_1713495763396171_2276018205308207822_n.jpg\">\n          <\/li>\n          <li class=\"u-border-2 u-border-active-white u-border-hover-white u-border-white u-carousel-thumbnail u-carousel-thumbnail-9\" data-u-target=\"#carousel-fc75\" data-u-slide-to=\"8\">\n            <img decoding=\"async\" class=\"u-carousel-thumbnail-image u-image\" src=\"https:\/\/osa.zgorzelec.eu\/wp-content\/uploads\/2025\/12\/598370538_1713495693396178_4251469062764095096_n.jpg\">\n          <\/li>\n          <li class=\"u-border-2 u-border-active-white u-border-hover-white u-border-white u-carousel-thumbnail u-carousel-thumbnail-10\" data-u-target=\"#carousel-fc75\" data-u-slide-to=\"9\">\n            <img decoding=\"async\" class=\"u-carousel-thumbnail-image u-image\" src=\"https:\/\/osa.zgorzelec.eu\/wp-content\/uploads\/2025\/12\/598662389_1713495593396188_8670649634643228501_n.jpg\">\n          <\/li>\n        <\/ol>\n      <\/div>\n    <\/section>\n    \n    \n    \n  \n<\/div>","protected":false},"excerpt":{"rendered":"<p>Wspieraj\u0105 nas! Dzi\u0119ki wsparciu Fundacji PGE nasi m\u0142odzi lekkoatleci otrzymali nowe stroje startowe oraz odzie\u017c do trening\u00f3w na \u015bwie\u017cym powietrzu. Ciep\u0142e dresy i funkcjonalne kurtki zapewniaj\u0105 komfort oraz bezpiecze\u0144stwo trening\u00f3w w zimowych warunkach, co pozwala nam przygotowywa\u0107 si\u0119 do sezonu bez wzgl\u0119du na pogod\u0119. Dzi\u0119kujemy za wsparcie rozwoju m\u0142odych talent\u00f3w! MKS \u201eOsa\u201d Zgorzelec z dofinansowaniem [&hellip;]<\/p>\n","protected":false},"author":1,"featured_media":0,"parent":0,"menu_order":0,"comment_status":"closed","ping_status":"closed","template":"","meta":{"footnotes":""},"class_list":["post-858","page","type-page","status-publish","hentry"],"_links":{"self":[{"href":"https:\/\/osa.zgorzelec.eu\/index.php\/wp-json\/wp\/v2\/pages\/858","targetHints":{"allow":["GET"]}}],"collection":[{"href":"https:\/\/osa.zgorzelec.eu\/index.php\/wp-json\/wp\/v2\/pages"}],"about":[{"href":"https:\/\/osa.zgorzelec.eu\/index.php\/wp-json\/wp\/v2\/types\/page"}],"author":[{"embeddable":true,"href":"https:\/\/osa.zgorzelec.eu\/index.php\/wp-json\/wp\/v2\/users\/1"}],"replies":[{"embeddable":true,"href":"https:\/\/osa.zgorzelec.eu\/index.php\/wp-json\/wp\/v2\/comments?post=858"}],"version-history":[{"count":6,"href":"https:\/\/osa.zgorzelec.eu\/index.php\/wp-json\/wp\/v2\/pages\/858\/revisions"}],"predecessor-version":[{"id":944,"href":"https:\/\/osa.zgorzelec.eu\/index.php\/wp-json\/wp\/v2\/pages\/858\/revisions\/944"}],"wp:attachment":[{"href":"https:\/\/osa.zgorzelec.eu\/index.php\/wp-json\/wp\/v2\/media?parent=858"}],"curies":[{"name":"wp","href":"https:\/\/api.w.org\/{rel}","templated":true}]}}